{"id":33918,"date":"2025-08-06T15:49:38","date_gmt":"2025-08-06T15:49:38","guid":{"rendered":"https:\/\/new.rosa.ua\/?post_type=product&#038;p=33918.html"},"modified":"2025-08-06T15:49:39","modified_gmt":"2025-08-06T15:49:39","slug":"primed-mdf-fiberboards-round-rosa-studio","status":"publish","type":"product","link":"https:\/\/new.rosa.ua\/en\/rosa-products\/canvases\/primed-boards-cardboards-and-fiberboards\/primed-mdf-fiberboards-round-rosa-studio\/","title":{"rendered":"Primed MDF Fiberboards round  ROSA Studio"},"content":{"rendered":"<p><a class=\"btn btn-default\" href=\"https:\/\/view.publitas.com\/rosa\/catalog-of-rosa-canvases\" target=\"_blank\" rel=\"noopener\">Catalog of ROSA Canvases<\/a><\/p>\n<p><strong>Primed round MDF boards<\/strong>, a perfect choice for sketches and decorative artwork.<\/p>\n<p>Bring any creative idea to life \u2014 from miniature sketches using MDF\u00a0<strong>sets \u00d810 and \u00d815 cm (5 pieces each)<\/strong>, to larger, eye-catching artworks with\u00a0<strong>\u00d820, \u00d830, and \u00d840 cm<\/strong>\u00a0bases.<\/p>\n<p>Where to Bring Your Creativity to Life with Round MDF?<br \/>\n<strong>Interior Art:<\/strong>\u00a0Create a diptych or triptych using round bases of different diameters. This is a modern and stylish solution for any interior.<br \/>\n<strong>Fluid Art &amp; Resin Art:<\/strong>\u00a0The perfectly smooth MDF surface is an ideal choice for working with fluid acrylics and epoxy resin.<br \/>\n<strong>Design ideas:<\/strong>\u00a0Paint the base, attach a clock mechanism \u2014 and you have a unique designer wall clock. Or create a series of decorative wall plates to decorate your interior.<br \/>\n<strong>Portraits &amp; Still Lifes:<\/strong>\u00a0Classic genres in a new format! The round shape adds softness and balance, drawing the viewer\u2019s eye to the heart of your composition.<\/p>\n<p><a href=\"https:\/\/new.rosa.ua\/wp-content\/uploads\/2025\/07\/1180x350_dsc09182.jpg\"><img fetchpriority=\"high\" decoding=\"async\" class=\"aligncenter size-full wp-image-33795\" src=\"https:\/\/new.rosa.ua\/wp-content\/uploads\/2025\/07\/1180x350_dsc09182.jpg\" alt=\"\" width=\"1180\" height=\"350\" srcset=\"https:\/\/new.rosa.ua\/wp-content\/uploads\/2025\/07\/1180x350_dsc09182.jpg 1180w, https:\/\/new.rosa.ua\/wp-content\/uploads\/2025\/07\/1180x350_dsc09182-300x89.jpg 300w, https:\/\/new.rosa.ua\/wp-content\/uploads\/2025\/07\/1180x350_dsc09182-1024x304.jpg 1024w, https:\/\/new.rosa.ua\/wp-content\/uploads\/2025\/07\/1180x350_dsc09182-768x228.jpg 768w, https:\/\/new.rosa.ua\/wp-content\/uploads\/2025\/07\/1180x350_dsc09182-600x178.jpg 600w\" sizes=\"(max-width: 1180px) 100vw, 1180px\" \/><\/a><\/p>\n<p><strong>Features of ROSA Studio Round Primed MDF Bases:<\/strong><br \/>\n\u2022 Round shape<br \/>\n\u2022\u00a03 mm thick MDF base<br \/>\n\u2022\u00a0Universal acrylic primer<br \/>\n\u2022\u00a0Available in sets: \u00d810 cm and \u00d815 cm (5 pcs each)<br \/>\n\u2022\u00a0Sold individually: \u00d820 cm, \u00d830 cm, \u00d840 cm<\/p>\n<p><strong>Additional materials for viewing:<\/strong><\/p>\n<p><a class=\"btn btn-default\" href=\"https:\/\/view.publitas.com\/rosa\/catalog-rosa-products-2020-edqwgm_vje39\/\" target=\"_blank\" rel=\"noopener\">ROSA KEY PRODUCTS CATALOG\u00a0<\/a><\/p>\n","protected":false},"excerpt":{"rendered":"<p><strong>Key properties:<\/strong><br \/>\n\u2022 Round shape<br \/>\n\u2022\u00a03 mm thick MDF base<br \/>\n\u2022\u00a0Universal acrylic primer<br \/>\n\u2022\u00a0Available in sets: \u00d810 cm and \u00d815 cm (5 pcs each)<br \/>\n\u2022\u00a0Sold individually: \u00d820 cm, \u00d830 cm, \u00d840 cm<\/p>\n<p><a class=\"btn btn-default\" href=\"https:\/\/www.facebook.com\/rosaukraine\/\" target=\"_blank\" rel=\"noopener\">CONTACT US<\/a><\/p>\n","protected":false},"featured_media":33925,"template":"","meta":{"_bst_post_transparent":"default","_bst_post_title":"","_bst_post_layout":"default","_bst_post_sidebar_id":"","_bst_post_content_style":"default","_bst_post_vertical_padding":"default","_bst_post_feature":"","_bst_post_feature_position":"","_bst_post_header":false,"_bst_post_footer":false},"product_cat":[609,735,621,795,597,691,777],"product_tag":[],"class_list":{"0":"post-33918","1":"product","2":"type-product","3":"status-publish","4":"has-post-thumbnail","6":"product_cat-brands-rosa","7":"product_cat-canvases-4","8":"product_cat-canvases","9":"product_cat-primed-boards-cardboards-and-fiberboards","10":"product_cat-rosa-products","11":"product_cat-rosa-studio-for-sketches-training-work-in-the-studio","12":"product_cat-gruntovani-karton-ta-dvp","13":"pa_brand-rosa-studio","14":"pa_material-mdf","15":"pa_prime-acrylic-prime","16":"pa_soil-color-white-2","18":"first","19":"instock","20":"shipping-taxable","21":"product-type-simple","22":"entry","23":"content-bg","24":"loop-entry"},"yoast_head":"<!-- This site is optimized with the Yoast SEO plugin v24.6 - https:\/\/yoast.com\/wordpress\/plugins\/seo\/ -->\n<title>Primed MDF Fiberboards round ROSA Studio - new.rosa<\/title>\n<meta name=\"robots\" content=\"noindex, follow, max-snippet:-1, max-image-preview:large, max-video-preview:-1\" \/>\n<meta property=\"og:locale\" content=\"en_US\" \/>\n<meta property=\"og:type\" content=\"article\" \/>\n<meta property=\"og:title\" content=\"Primed MDF Fiberboards round ROSA Studio - new.rosa\" \/>\n<meta property=\"og:description\" content=\"Key properties: \u2022 Round shape \u2022\u00a03 mm thick MDF base \u2022\u00a0Universal acrylic primer \u2022\u00a0Available in sets: \u00d810 cm and \u00d815 cm (5 pcs each) \u2022\u00a0Sold individually: \u00d820 cm, \u00d830 cm, \u00d840 cm  CONTACT US\" \/>\n<meta property=\"og:url\" content=\"https:\/\/new.rosa.ua\/en\/rosa-products\/canvases\/primed-boards-cardboards-and-fiberboards\/primed-mdf-fiberboards-round-rosa-studio\/\" \/>\n<meta property=\"og:site_name\" content=\"new.rosa\" \/>\n<meta property=\"article:modified_time\" content=\"2025-08-06T15:49:39+00:00\" \/>\n<meta property=\"og:image\" content=\"https:\/\/new.rosa.ua\/wp-content\/uploads\/2025\/08\/4823100275064_1.jpg\" \/>\n\t<meta property=\"og:image:width\" content=\"2048\" \/>\n\t<meta property=\"og:image:height\" content=\"2048\" \/>\n\t<meta property=\"og:image:type\" content=\"image\/jpeg\" \/>\n<meta name=\"twitter:card\" content=\"summary_large_image\" \/>\n<meta name=\"twitter:label1\" content=\"Est. reading time\" \/>\n\t<meta name=\"twitter:data1\" content=\"1 minute\" \/>\n<script type=\"application\/ld+json\" class=\"yoast-schema-graph\">{\"@context\":\"https:\/\/schema.org\",\"@graph\":[{\"@type\":\"WebPage\",\"@id\":\"https:\/\/new.rosa.ua\/en\/rosa-products\/canvases\/primed-boards-cardboards-and-fiberboards\/primed-mdf-fiberboards-round-rosa-studio\/\",\"url\":\"https:\/\/new.rosa.ua\/en\/rosa-products\/canvases\/primed-boards-cardboards-and-fiberboards\/primed-mdf-fiberboards-round-rosa-studio\/\",\"name\":\"Primed MDF Fiberboards round ROSA Studio - new.rosa\",\"isPartOf\":{\"@id\":\"https:\/\/new.rosa.ua\/en\/rosa-products\/canvases\/primed-boards-cardboards-and-fiberboards\/primed-mdf-fiberboards-round-rosa-studio\/#website\"},\"primaryImageOfPage\":{\"@id\":\"https:\/\/new.rosa.ua\/en\/rosa-products\/canvases\/primed-boards-cardboards-and-fiberboards\/primed-mdf-fiberboards-round-rosa-studio\/#primaryimage\"},\"image\":{\"@id\":\"https:\/\/new.rosa.ua\/en\/rosa-products\/canvases\/primed-boards-cardboards-and-fiberboards\/primed-mdf-fiberboards-round-rosa-studio\/#primaryimage\"},\"thumbnailUrl\":\"https:\/\/new.rosa.ua\/wp-content\/uploads\/2025\/08\/4823100275064_1.jpg\",\"datePublished\":\"2025-08-06T15:49:38+00:00\",\"dateModified\":\"2025-08-06T15:49:39+00:00\",\"breadcrumb\":{\"@id\":\"https:\/\/new.rosa.ua\/en\/rosa-products\/canvases\/primed-boards-cardboards-and-fiberboards\/primed-mdf-fiberboards-round-rosa-studio\/#breadcrumb\"},\"inLanguage\":\"en-US\",\"potentialAction\":[{\"@type\":\"ReadAction\",\"target\":[\"https:\/\/new.rosa.ua\/en\/rosa-products\/canvases\/primed-boards-cardboards-and-fiberboards\/primed-mdf-fiberboards-round-rosa-studio\/\"]}]},{\"@type\":\"ImageObject\",\"inLanguage\":\"en-US\",\"@id\":\"https:\/\/new.rosa.ua\/en\/rosa-products\/canvases\/primed-boards-cardboards-and-fiberboards\/primed-mdf-fiberboards-round-rosa-studio\/#primaryimage\",\"url\":\"https:\/\/new.rosa.ua\/wp-content\/uploads\/2025\/08\/4823100275064_1.jpg\",\"contentUrl\":\"https:\/\/new.rosa.ua\/wp-content\/uploads\/2025\/08\/4823100275064_1.jpg\",\"width\":2048,\"height\":2048},{\"@type\":\"BreadcrumbList\",\"@id\":\"https:\/\/new.rosa.ua\/en\/rosa-products\/canvases\/primed-boards-cardboards-and-fiberboards\/primed-mdf-fiberboards-round-rosa-studio\/#breadcrumb\",\"itemListElement\":[{\"@type\":\"ListItem\",\"position\":1,\"name\":\"\u041d\u043eme\",\"item\":\"https:\/\/new.rosa.ua\/en\/rosa-products\/canvases\/primed-boards-cardboards-and-fiberboards\/primed-mdf-fiberboards-round-rosa-studio\/\"},{\"@type\":\"ListItem\",\"position\":2,\"name\":\"ROSA PRODUCTS\",\"item\":\"https:\/\/new.rosa.ua\/en\/12-rosa-products\/\"},{\"@type\":\"ListItem\",\"position\":3,\"name\":\"Primed MDF Fiberboards round ROSA Studio\"}]},{\"@type\":\"WebSite\",\"@id\":\"https:\/\/new.rosa.ua\/en\/rosa-products\/canvases\/primed-boards-cardboards-and-fiberboards\/primed-mdf-fiberboards-round-rosa-studio\/#website\",\"url\":\"https:\/\/new.rosa.ua\/en\/rosa-products\/canvases\/primed-boards-cardboards-and-fiberboards\/primed-mdf-fiberboards-round-rosa-studio\/\",\"name\":\"new.rosa\",\"description\":\"\",\"publisher\":{\"@id\":\"https:\/\/new.rosa.ua\/en\/rosa-products\/canvases\/primed-boards-cardboards-and-fiberboards\/primed-mdf-fiberboards-round-rosa-studio\/#organization\"},\"potentialAction\":[{\"@type\":\"SearchAction\",\"target\":{\"@type\":\"EntryPoint\",\"urlTemplate\":\"https:\/\/new.rosa.ua\/en\/rosa-products\/canvases\/primed-boards-cardboards-and-fiberboards\/primed-mdf-fiberboards-round-rosa-studio\/?s={search_term_string}\"},\"query-input\":{\"@type\":\"PropertyValueSpecification\",\"valueRequired\":true,\"valueName\":\"search_term_string\"}}],\"inLanguage\":\"en-US\"},{\"@type\":\"Organization\",\"@id\":\"https:\/\/new.rosa.ua\/en\/rosa-products\/canvases\/primed-boards-cardboards-and-fiberboards\/primed-mdf-fiberboards-round-rosa-studio\/#organization\",\"name\":\"new.rosa\",\"url\":\"https:\/\/new.rosa.ua\/en\/rosa-products\/canvases\/primed-boards-cardboards-and-fiberboards\/primed-mdf-fiberboards-round-rosa-studio\/\",\"logo\":{\"@type\":\"ImageObject\",\"inLanguage\":\"en-US\",\"@id\":\"https:\/\/new.rosa.ua\/en\/rosa-products\/canvases\/primed-boards-cardboards-and-fiberboards\/primed-mdf-fiberboards-round-rosa-studio\/#\/schema\/logo\/image\/\",\"url\":\"https:\/\/new.rosa.ua\/wp-content\/uploads\/2024\/11\/frame-1-1.jpg\",\"contentUrl\":\"https:\/\/new.rosa.ua\/wp-content\/uploads\/2024\/11\/frame-1-1.jpg\",\"width\":640,\"height\":175,\"caption\":\"new.rosa\"},\"image\":{\"@id\":\"https:\/\/new.rosa.ua\/en\/rosa-products\/canvases\/primed-boards-cardboards-and-fiberboards\/primed-mdf-fiberboards-round-rosa-studio\/#\/schema\/logo\/image\/\"}}]}<\/script>\n<!-- \/ Yoast SEO plugin. -->","yoast_head_json":{"title":"Primed MDF Fiberboards round ROSA Studio - new.rosa","robots":{"index":"noindex","follow":"follow","max-snippet":"max-snippet:-1","max-image-preview":"max-image-preview:large","max-video-preview":"max-video-preview:-1"},"og_locale":"en_US","og_type":"article","og_title":"Primed MDF Fiberboards round ROSA Studio - new.rosa","og_description":"Key properties: \u2022 Round shape \u2022\u00a03 mm thick MDF base \u2022\u00a0Universal acrylic primer \u2022\u00a0Available in sets: \u00d810 cm and \u00d815 cm (5 pcs each) \u2022\u00a0Sold individually: \u00d820 cm, \u00d830 cm, \u00d840 cm  CONTACT US","og_url":"https:\/\/new.rosa.ua\/en\/rosa-products\/canvases\/primed-boards-cardboards-and-fiberboards\/primed-mdf-fiberboards-round-rosa-studio\/","og_site_name":"new.rosa","article_modified_time":"2025-08-06T15:49:39+00:00","og_image":[{"width":2048,"height":2048,"url":"https:\/\/new.rosa.ua\/wp-content\/uploads\/2025\/08\/4823100275064_1.jpg","type":"image\/jpeg"}],"twitter_card":"summary_large_image","twitter_misc":{"Est. reading time":"1 minute"},"schema":{"@context":"https:\/\/schema.org","@graph":[{"@type":"WebPage","@id":"https:\/\/new.rosa.ua\/en\/rosa-products\/canvases\/primed-boards-cardboards-and-fiberboards\/primed-mdf-fiberboards-round-rosa-studio\/","url":"https:\/\/new.rosa.ua\/en\/rosa-products\/canvases\/primed-boards-cardboards-and-fiberboards\/primed-mdf-fiberboards-round-rosa-studio\/","name":"Primed MDF Fiberboards round ROSA Studio - new.rosa","isPartOf":{"@id":"https:\/\/new.rosa.ua\/en\/rosa-products\/canvases\/primed-boards-cardboards-and-fiberboards\/primed-mdf-fiberboards-round-rosa-studio\/#website"},"primaryImageOfPage":{"@id":"https:\/\/new.rosa.ua\/en\/rosa-products\/canvases\/primed-boards-cardboards-and-fiberboards\/primed-mdf-fiberboards-round-rosa-studio\/#primaryimage"},"image":{"@id":"https:\/\/new.rosa.ua\/en\/rosa-products\/canvases\/primed-boards-cardboards-and-fiberboards\/primed-mdf-fiberboards-round-rosa-studio\/#primaryimage"},"thumbnailUrl":"https:\/\/new.rosa.ua\/wp-content\/uploads\/2025\/08\/4823100275064_1.jpg","datePublished":"2025-08-06T15:49:38+00:00","dateModified":"2025-08-06T15:49:39+00:00","breadcrumb":{"@id":"https:\/\/new.rosa.ua\/en\/rosa-products\/canvases\/primed-boards-cardboards-and-fiberboards\/primed-mdf-fiberboards-round-rosa-studio\/#breadcrumb"},"inLanguage":"en-US","potentialAction":[{"@type":"ReadAction","target":["https:\/\/new.rosa.ua\/en\/rosa-products\/canvases\/primed-boards-cardboards-and-fiberboards\/primed-mdf-fiberboards-round-rosa-studio\/"]}]},{"@type":"ImageObject","inLanguage":"en-US","@id":"https:\/\/new.rosa.ua\/en\/rosa-products\/canvases\/primed-boards-cardboards-and-fiberboards\/primed-mdf-fiberboards-round-rosa-studio\/#primaryimage","url":"https:\/\/new.rosa.ua\/wp-content\/uploads\/2025\/08\/4823100275064_1.jpg","contentUrl":"https:\/\/new.rosa.ua\/wp-content\/uploads\/2025\/08\/4823100275064_1.jpg","width":2048,"height":2048},{"@type":"BreadcrumbList","@id":"https:\/\/new.rosa.ua\/en\/rosa-products\/canvases\/primed-boards-cardboards-and-fiberboards\/primed-mdf-fiberboards-round-rosa-studio\/#breadcrumb","itemListElement":[{"@type":"ListItem","position":1,"name":"\u041d\u043eme","item":"https:\/\/new.rosa.ua\/en\/rosa-products\/canvases\/primed-boards-cardboards-and-fiberboards\/primed-mdf-fiberboards-round-rosa-studio\/"},{"@type":"ListItem","position":2,"name":"ROSA PRODUCTS","item":"https:\/\/new.rosa.ua\/en\/12-rosa-products\/"},{"@type":"ListItem","position":3,"name":"Primed MDF Fiberboards round ROSA Studio"}]},{"@type":"WebSite","@id":"https:\/\/new.rosa.ua\/en\/rosa-products\/canvases\/primed-boards-cardboards-and-fiberboards\/primed-mdf-fiberboards-round-rosa-studio\/#website","url":"https:\/\/new.rosa.ua\/en\/rosa-products\/canvases\/primed-boards-cardboards-and-fiberboards\/primed-mdf-fiberboards-round-rosa-studio\/","name":"new.rosa","description":"","publisher":{"@id":"https:\/\/new.rosa.ua\/en\/rosa-products\/canvases\/primed-boards-cardboards-and-fiberboards\/primed-mdf-fiberboards-round-rosa-studio\/#organization"},"potentialAction":[{"@type":"SearchAction","target":{"@type":"EntryPoint","urlTemplate":"https:\/\/new.rosa.ua\/en\/rosa-products\/canvases\/primed-boards-cardboards-and-fiberboards\/primed-mdf-fiberboards-round-rosa-studio\/?s={search_term_string}"},"query-input":{"@type":"PropertyValueSpecification","valueRequired":true,"valueName":"search_term_string"}}],"inLanguage":"en-US"},{"@type":"Organization","@id":"https:\/\/new.rosa.ua\/en\/rosa-products\/canvases\/primed-boards-cardboards-and-fiberboards\/primed-mdf-fiberboards-round-rosa-studio\/#organization","name":"new.rosa","url":"https:\/\/new.rosa.ua\/en\/rosa-products\/canvases\/primed-boards-cardboards-and-fiberboards\/primed-mdf-fiberboards-round-rosa-studio\/","logo":{"@type":"ImageObject","inLanguage":"en-US","@id":"https:\/\/new.rosa.ua\/en\/rosa-products\/canvases\/primed-boards-cardboards-and-fiberboards\/primed-mdf-fiberboards-round-rosa-studio\/#\/schema\/logo\/image\/","url":"https:\/\/new.rosa.ua\/wp-content\/uploads\/2024\/11\/frame-1-1.jpg","contentUrl":"https:\/\/new.rosa.ua\/wp-content\/uploads\/2024\/11\/frame-1-1.jpg","width":640,"height":175,"caption":"new.rosa"},"image":{"@id":"https:\/\/new.rosa.ua\/en\/rosa-products\/canvases\/primed-boards-cardboards-and-fiberboards\/primed-mdf-fiberboards-round-rosa-studio\/#\/schema\/logo\/image\/"}}]}},"_links":{"self":[{"href":"https:\/\/new.rosa.ua\/en\/wp-json\/wp\/v2\/product\/33918","targetHints":{"allow":["GET"]}}],"collection":[{"href":"https:\/\/new.rosa.ua\/en\/wp-json\/wp\/v2\/product"}],"about":[{"href":"https:\/\/new.rosa.ua\/en\/wp-json\/wp\/v2\/types\/product"}],"wp:featuredmedia":[{"embeddable":true,"href":"https:\/\/new.rosa.ua\/en\/wp-json\/wp\/v2\/media\/33925"}],"wp:attachment":[{"href":"https:\/\/new.rosa.ua\/en\/wp-json\/wp\/v2\/media?parent=33918"}],"wp:term":[{"taxonomy":"product_cat","embeddable":true,"href":"https:\/\/new.rosa.ua\/en\/wp-json\/wp\/v2\/product_cat?post=33918"},{"taxonomy":"product_tag","embeddable":true,"href":"https:\/\/new.rosa.ua\/en\/wp-json\/wp\/v2\/product_tag?post=33918"}],"curies":[{"name":"wp","href":"https:\/\/api.w.org\/{rel}","templated":true}]}}