{"id":2155,"date":"2016-06-10T08:34:56","date_gmt":"2016-06-10T08:34:56","guid":{"rendered":"http:\/\/new.rosa.ua\/?post_type=product&#038;p=2155"},"modified":"2026-01-07T12:59:51","modified_gmt":"2026-01-07T12:59:51","slug":"gouache-wooden-pencil-case-rosa-studio","status":"publish","type":"product","link":"https:\/\/new.rosa.ua\/en\/rosa-products\/easels-and-accessories\/cases\/gouache-wooden-pencil-case-rosa-studio\/","title":{"rendered":"Gouache wooden pencil case ROSA Studio"},"content":{"rendered":"<p><strong>Wooden Cases for Gouache<\/strong>\u00a0\u2014 now even lighter and more compact, yet with the same roomy capacity inside! The gouache set cases also feature a stylish new engraving that adds a special artistic touch.<br \/>\nThese convenient natural wood accessories are ideal for storing paints, brushes, and pencils \u2014 encouraging creativity every time you use them.<\/p>\n<p>Thanks to their thoughtful design, the cases easily fit standard gouache sets:<br \/>\n<strong>16\u00d712.5\u00d75.3 cm (12 colours \u00d7 20 ml)<\/strong><br \/>\n<strong>23.5\u00d79\u00d75.3 cm (12 colours \u00d7 20 ml)<\/strong><br \/>\n<strong>27.5\u00d713.5\u00d77 cm (24 colours \u00d7 40 ml, with space for a brush)<\/strong><\/p>\n<p><strong>Advantages and Features:<br \/>\nCompactness:\u00a0<\/strong>The updated shape is lighter and easier to carry \u2014 perfect for plein-air painting.<strong><br \/>\nStyle:\u00a0<\/strong>The new engraving design makes these cases stylish accessories that highlight your individuality.<strong><br \/>\nDurability:\u00a0A sturdy construction ensures safe storage and protects your materials from damage.<br \/>\nPracticality:\u00a0<\/strong>Ideal for gouache, but also great for markers, charcoal, or pencils.<\/p>\n<p><strong>Additional materials for viewing:<\/strong><\/p>\n<p><a class=\"btn btn-default\" href=\"https:\/\/view.publitas.com\/rosa\/catalog-rosa-products-2020-edqwgm_vje39\/page\/1\" target=\"_blank\" rel=\"noopener\">CATALOG ROSA PRODUCTS<\/a><\/p>\n","protected":false},"excerpt":{"rendered":"<p><span class=\"fontstyle0\"><strong>Key properties:<\/strong><strong><br \/>\n<\/strong>\u2022\u00a0The updated shape is lighter and easier to carry \u2014 perfect for plein-air painting.<strong><br \/>\n<\/strong>\u2022\u00a0The new engraving design makes these cases stylish accessories that highlight your individuality.<strong><br \/>\n<\/strong>\u2022\u00a0A sturdy construction ensures safe storage and protects your materials from damage.<strong><br \/>\n<\/strong>\u2022\u00a0Ideal for gouache, but also great for markers, charcoal, or pencils.<br \/>\n<\/span><\/p>\n<p><a class=\"btn btn-default\" href=\"https:\/\/www.facebook.com\/rosaukraine\/\" target=\"_blank\" rel=\"noopener\">CONTACT US<\/a><\/p>\n","protected":false},"featured_media":35610,"template":"","meta":{"_bst_post_transparent":"default","_bst_post_title":"","_bst_post_layout":"default","_bst_post_sidebar_id":"","_bst_post_content_style":"default","_bst_post_vertical_padding":"default","_bst_post_feature":"","_bst_post_feature_position":"","_bst_post_header":false,"_bst_post_footer":false},"product_cat":[789,609,719,707,597,691],"product_tag":[],"class_list":{"0":"post-2155","1":"product","2":"type-product","3":"status-publish","4":"has-post-thumbnail","6":"product_cat-accessories-for-artists","7":"product_cat-brands-rosa","8":"product_cat-cases","9":"product_cat-easels-and-accessories","10":"product_cat-rosa-products","11":"product_cat-rosa-studio-for-sketches-training-work-in-the-studio","12":"pa_brand-rosa-studio","13":"pa_packaging-set","14":"pa_specialization-for-pleiners-sketches-study","16":"first","17":"outofstock","18":"shipping-taxable","19":"purchasable","20":"product-type-variable","21":"entry","22":"content-bg","23":"loop-entry"},"yoast_head":"<!-- This site is optimized with the Yoast SEO plugin v24.6 - https:\/\/yoast.com\/wordpress\/plugins\/seo\/ -->\n<title>Gouache wooden pencil case ROSA Studio - new.rosa<\/title>\n<meta name=\"robots\" content=\"noindex, follow, max-snippet:-1, max-image-preview:large, max-video-preview:-1\" \/>\n<meta property=\"og:locale\" content=\"en_US\" \/>\n<meta property=\"og:type\" content=\"article\" \/>\n<meta property=\"og:title\" content=\"Gouache wooden pencil case ROSA Studio - new.rosa\" \/>\n<meta property=\"og:description\" content=\"Key properties: \u2022\u00a0The updated shape is lighter and easier to carry \u2014 perfect for plein-air painting. \u2022\u00a0The new engraving design makes these cases stylish accessories that highlight your individuality. \u2022\u00a0A sturdy construction ensures safe storage and protects your materials from damage. \u2022\u00a0Ideal for gouache, but also great for markers, charcoal, or pencils.   CONTACT US\" \/>\n<meta property=\"og:url\" content=\"https:\/\/new.rosa.ua\/en\/rosa-products\/easels-and-accessories\/cases\/gouache-wooden-pencil-case-rosa-studio\/\" \/>\n<meta property=\"og:site_name\" content=\"new.rosa\" \/>\n<meta property=\"article:modified_time\" content=\"2026-01-07T12:59:51+00:00\" \/>\n<meta property=\"og:image\" content=\"https:\/\/new.rosa.ua\/wp-content\/uploads\/2016\/06\/4820149892917_1.jpg\" \/>\n\t<meta property=\"og:image:width\" content=\"2048\" \/>\n\t<meta property=\"og:image:height\" content=\"2048\" \/>\n\t<meta property=\"og:image:type\" content=\"image\/jpeg\" \/>\n<meta name=\"twitter:card\" content=\"summary_large_image\" \/>\n<meta name=\"twitter:label1\" content=\"Est. reading time\" \/>\n\t<meta name=\"twitter:data1\" content=\"1 minute\" \/>\n<script type=\"application\/ld+json\" class=\"yoast-schema-graph\">{\"@context\":\"https:\/\/schema.org\",\"@graph\":[{\"@type\":\"WebPage\",\"@id\":\"https:\/\/new.rosa.ua\/en\/rosa-products\/easels-and-accessories\/cases\/gouache-wooden-pencil-case-rosa-studio\/\",\"url\":\"https:\/\/new.rosa.ua\/en\/rosa-products\/easels-and-accessories\/cases\/gouache-wooden-pencil-case-rosa-studio\/\",\"name\":\"Gouache wooden pencil case ROSA Studio - new.rosa\",\"isPartOf\":{\"@id\":\"https:\/\/new.rosa.ua\/en\/rosa-products\/easels-and-accessories\/cases\/gouache-wooden-pencil-case-rosa-studio\/#website\"},\"primaryImageOfPage\":{\"@id\":\"https:\/\/new.rosa.ua\/en\/rosa-products\/easels-and-accessories\/cases\/gouache-wooden-pencil-case-rosa-studio\/#primaryimage\"},\"image\":{\"@id\":\"https:\/\/new.rosa.ua\/en\/rosa-products\/easels-and-accessories\/cases\/gouache-wooden-pencil-case-rosa-studio\/#primaryimage\"},\"thumbnailUrl\":\"https:\/\/new.rosa.ua\/wp-content\/uploads\/2016\/06\/4820149892917_1.jpg\",\"datePublished\":\"2016-06-10T08:34:56+00:00\",\"dateModified\":\"2026-01-07T12:59:51+00:00\",\"breadcrumb\":{\"@id\":\"https:\/\/new.rosa.ua\/en\/rosa-products\/easels-and-accessories\/cases\/gouache-wooden-pencil-case-rosa-studio\/#breadcrumb\"},\"inLanguage\":\"en-US\",\"potentialAction\":[{\"@type\":\"ReadAction\",\"target\":[\"https:\/\/new.rosa.ua\/en\/rosa-products\/easels-and-accessories\/cases\/gouache-wooden-pencil-case-rosa-studio\/\"]}]},{\"@type\":\"ImageObject\",\"inLanguage\":\"en-US\",\"@id\":\"https:\/\/new.rosa.ua\/en\/rosa-products\/easels-and-accessories\/cases\/gouache-wooden-pencil-case-rosa-studio\/#primaryimage\",\"url\":\"https:\/\/new.rosa.ua\/wp-content\/uploads\/2016\/06\/4820149892917_1.jpg\",\"contentUrl\":\"https:\/\/new.rosa.ua\/wp-content\/uploads\/2016\/06\/4820149892917_1.jpg\",\"width\":2048,\"height\":2048},{\"@type\":\"BreadcrumbList\",\"@id\":\"https:\/\/new.rosa.ua\/en\/rosa-products\/easels-and-accessories\/cases\/gouache-wooden-pencil-case-rosa-studio\/#breadcrumb\",\"itemListElement\":[{\"@type\":\"ListItem\",\"position\":1,\"name\":\"\u041d\u043eme\",\"item\":\"https:\/\/new.rosa.ua\/en\/rosa-products\/easels-and-accessories\/cases\/gouache-wooden-pencil-case-rosa-studio\/\"},{\"@type\":\"ListItem\",\"position\":2,\"name\":\"ROSA PRODUCTS\",\"item\":\"https:\/\/new.rosa.ua\/en\/12-rosa-products\/\"},{\"@type\":\"ListItem\",\"position\":3,\"name\":\"Gouache wooden pencil case ROSA Studio\"}]},{\"@type\":\"WebSite\",\"@id\":\"https:\/\/new.rosa.ua\/en\/rosa-products\/easels-and-accessories\/cases\/gouache-wooden-pencil-case-rosa-studio\/#website\",\"url\":\"https:\/\/new.rosa.ua\/en\/rosa-products\/easels-and-accessories\/cases\/gouache-wooden-pencil-case-rosa-studio\/\",\"name\":\"new.rosa\",\"description\":\"\",\"publisher\":{\"@id\":\"https:\/\/new.rosa.ua\/en\/rosa-products\/easels-and-accessories\/cases\/gouache-wooden-pencil-case-rosa-studio\/#organization\"},\"potentialAction\":[{\"@type\":\"SearchAction\",\"target\":{\"@type\":\"EntryPoint\",\"urlTemplate\":\"https:\/\/new.rosa.ua\/en\/rosa-products\/easels-and-accessories\/cases\/gouache-wooden-pencil-case-rosa-studio\/?s={search_term_string}\"},\"query-input\":{\"@type\":\"PropertyValueSpecification\",\"valueRequired\":true,\"valueName\":\"search_term_string\"}}],\"inLanguage\":\"en-US\"},{\"@type\":\"Organization\",\"@id\":\"https:\/\/new.rosa.ua\/en\/rosa-products\/easels-and-accessories\/cases\/gouache-wooden-pencil-case-rosa-studio\/#organization\",\"name\":\"new.rosa\",\"url\":\"https:\/\/new.rosa.ua\/en\/rosa-products\/easels-and-accessories\/cases\/gouache-wooden-pencil-case-rosa-studio\/\",\"logo\":{\"@type\":\"ImageObject\",\"inLanguage\":\"en-US\",\"@id\":\"https:\/\/new.rosa.ua\/en\/rosa-products\/easels-and-accessories\/cases\/gouache-wooden-pencil-case-rosa-studio\/#\/schema\/logo\/image\/\",\"url\":\"https:\/\/new.rosa.ua\/wp-content\/uploads\/2024\/11\/frame-1-1.jpg\",\"contentUrl\":\"https:\/\/new.rosa.ua\/wp-content\/uploads\/2024\/11\/frame-1-1.jpg\",\"width\":640,\"height\":175,\"caption\":\"new.rosa\"},\"image\":{\"@id\":\"https:\/\/new.rosa.ua\/en\/rosa-products\/easels-and-accessories\/cases\/gouache-wooden-pencil-case-rosa-studio\/#\/schema\/logo\/image\/\"}}]}<\/script>\n<!-- \/ Yoast SEO plugin. -->","yoast_head_json":{"title":"Gouache wooden pencil case ROSA Studio - new.rosa","robots":{"index":"noindex","follow":"follow","max-snippet":"max-snippet:-1","max-image-preview":"max-image-preview:large","max-video-preview":"max-video-preview:-1"},"og_locale":"en_US","og_type":"article","og_title":"Gouache wooden pencil case ROSA Studio - new.rosa","og_description":"Key properties: \u2022\u00a0The updated shape is lighter and easier to carry \u2014 perfect for plein-air painting. \u2022\u00a0The new engraving design makes these cases stylish accessories that highlight your individuality. \u2022\u00a0A sturdy construction ensures safe storage and protects your materials from damage. \u2022\u00a0Ideal for gouache, but also great for markers, charcoal, or pencils.   CONTACT US","og_url":"https:\/\/new.rosa.ua\/en\/rosa-products\/easels-and-accessories\/cases\/gouache-wooden-pencil-case-rosa-studio\/","og_site_name":"new.rosa","article_modified_time":"2026-01-07T12:59:51+00:00","og_image":[{"width":2048,"height":2048,"url":"https:\/\/new.rosa.ua\/wp-content\/uploads\/2016\/06\/4820149892917_1.jpg","type":"image\/jpeg"}],"twitter_card":"summary_large_image","twitter_misc":{"Est. reading time":"1 minute"},"schema":{"@context":"https:\/\/schema.org","@graph":[{"@type":"WebPage","@id":"https:\/\/new.rosa.ua\/en\/rosa-products\/easels-and-accessories\/cases\/gouache-wooden-pencil-case-rosa-studio\/","url":"https:\/\/new.rosa.ua\/en\/rosa-products\/easels-and-accessories\/cases\/gouache-wooden-pencil-case-rosa-studio\/","name":"Gouache wooden pencil case ROSA Studio - new.rosa","isPartOf":{"@id":"https:\/\/new.rosa.ua\/en\/rosa-products\/easels-and-accessories\/cases\/gouache-wooden-pencil-case-rosa-studio\/#website"},"primaryImageOfPage":{"@id":"https:\/\/new.rosa.ua\/en\/rosa-products\/easels-and-accessories\/cases\/gouache-wooden-pencil-case-rosa-studio\/#primaryimage"},"image":{"@id":"https:\/\/new.rosa.ua\/en\/rosa-products\/easels-and-accessories\/cases\/gouache-wooden-pencil-case-rosa-studio\/#primaryimage"},"thumbnailUrl":"https:\/\/new.rosa.ua\/wp-content\/uploads\/2016\/06\/4820149892917_1.jpg","datePublished":"2016-06-10T08:34:56+00:00","dateModified":"2026-01-07T12:59:51+00:00","breadcrumb":{"@id":"https:\/\/new.rosa.ua\/en\/rosa-products\/easels-and-accessories\/cases\/gouache-wooden-pencil-case-rosa-studio\/#breadcrumb"},"inLanguage":"en-US","potentialAction":[{"@type":"ReadAction","target":["https:\/\/new.rosa.ua\/en\/rosa-products\/easels-and-accessories\/cases\/gouache-wooden-pencil-case-rosa-studio\/"]}]},{"@type":"ImageObject","inLanguage":"en-US","@id":"https:\/\/new.rosa.ua\/en\/rosa-products\/easels-and-accessories\/cases\/gouache-wooden-pencil-case-rosa-studio\/#primaryimage","url":"https:\/\/new.rosa.ua\/wp-content\/uploads\/2016\/06\/4820149892917_1.jpg","contentUrl":"https:\/\/new.rosa.ua\/wp-content\/uploads\/2016\/06\/4820149892917_1.jpg","width":2048,"height":2048},{"@type":"BreadcrumbList","@id":"https:\/\/new.rosa.ua\/en\/rosa-products\/easels-and-accessories\/cases\/gouache-wooden-pencil-case-rosa-studio\/#breadcrumb","itemListElement":[{"@type":"ListItem","position":1,"name":"\u041d\u043eme","item":"https:\/\/new.rosa.ua\/en\/rosa-products\/easels-and-accessories\/cases\/gouache-wooden-pencil-case-rosa-studio\/"},{"@type":"ListItem","position":2,"name":"ROSA PRODUCTS","item":"https:\/\/new.rosa.ua\/en\/12-rosa-products\/"},{"@type":"ListItem","position":3,"name":"Gouache wooden pencil case ROSA Studio"}]},{"@type":"WebSite","@id":"https:\/\/new.rosa.ua\/en\/rosa-products\/easels-and-accessories\/cases\/gouache-wooden-pencil-case-rosa-studio\/#website","url":"https:\/\/new.rosa.ua\/en\/rosa-products\/easels-and-accessories\/cases\/gouache-wooden-pencil-case-rosa-studio\/","name":"new.rosa","description":"","publisher":{"@id":"https:\/\/new.rosa.ua\/en\/rosa-products\/easels-and-accessories\/cases\/gouache-wooden-pencil-case-rosa-studio\/#organization"},"potentialAction":[{"@type":"SearchAction","target":{"@type":"EntryPoint","urlTemplate":"https:\/\/new.rosa.ua\/en\/rosa-products\/easels-and-accessories\/cases\/gouache-wooden-pencil-case-rosa-studio\/?s={search_term_string}"},"query-input":{"@type":"PropertyValueSpecification","valueRequired":true,"valueName":"search_term_string"}}],"inLanguage":"en-US"},{"@type":"Organization","@id":"https:\/\/new.rosa.ua\/en\/rosa-products\/easels-and-accessories\/cases\/gouache-wooden-pencil-case-rosa-studio\/#organization","name":"new.rosa","url":"https:\/\/new.rosa.ua\/en\/rosa-products\/easels-and-accessories\/cases\/gouache-wooden-pencil-case-rosa-studio\/","logo":{"@type":"ImageObject","inLanguage":"en-US","@id":"https:\/\/new.rosa.ua\/en\/rosa-products\/easels-and-accessories\/cases\/gouache-wooden-pencil-case-rosa-studio\/#\/schema\/logo\/image\/","url":"https:\/\/new.rosa.ua\/wp-content\/uploads\/2024\/11\/frame-1-1.jpg","contentUrl":"https:\/\/new.rosa.ua\/wp-content\/uploads\/2024\/11\/frame-1-1.jpg","width":640,"height":175,"caption":"new.rosa"},"image":{"@id":"https:\/\/new.rosa.ua\/en\/rosa-products\/easels-and-accessories\/cases\/gouache-wooden-pencil-case-rosa-studio\/#\/schema\/logo\/image\/"}}]}},"_links":{"self":[{"href":"https:\/\/new.rosa.ua\/en\/wp-json\/wp\/v2\/product\/2155","targetHints":{"allow":["GET"]}}],"collection":[{"href":"https:\/\/new.rosa.ua\/en\/wp-json\/wp\/v2\/product"}],"about":[{"href":"https:\/\/new.rosa.ua\/en\/wp-json\/wp\/v2\/types\/product"}],"wp:featuredmedia":[{"embeddable":true,"href":"https:\/\/new.rosa.ua\/en\/wp-json\/wp\/v2\/media\/35610"}],"wp:attachment":[{"href":"https:\/\/new.rosa.ua\/en\/wp-json\/wp\/v2\/media?parent=2155"}],"wp:term":[{"taxonomy":"product_cat","embeddable":true,"href":"https:\/\/new.rosa.ua\/en\/wp-json\/wp\/v2\/product_cat?post=2155"},{"taxonomy":"product_tag","embeddable":true,"href":"https:\/\/new.rosa.ua\/en\/wp-json\/wp\/v2\/product_tag?post=2155"}],"curies":[{"name":"wp","href":"https:\/\/api.w.org\/{rel}","templated":true}]}}